{"id":2,"date":"2024-10-31T13:15:14","date_gmt":"2024-10-31T13:15:14","guid":{"rendered":"https:\/\/www.campoenmedio.com\/?page_id=2"},"modified":"2025-07-30T19:52:23","modified_gmt":"2025-07-30T19:52:23","slug":"sample-page","status":"publish","type":"page","link":"https:\/\/www.campoenmedio.com\/","title":{"rendered":"COTO INTENSIVO MONTE ENMEDIO"},"content":{"rendered":"\n<p>Somos un grupo de personas <strong>amantes de la naturaleza y apasionados por la caza y el tiro. <\/strong>Un equipo de profesionales que acumulan una experiencia de m\u00e1s de treinta a\u00f1os en este sector y que trabajamos para ofrecer durante todo el a\u00f1o, multitud de servicios relacionados con este fascinante mundo.<\/p>\n\n\n\n<blockquote class=\"wp-block-quote is-layout-flow wp-block-quote-is-layout-flow\">\n<p>La experiencia de m\u00e1s de treinta a\u00f1os en este sector, avala la actividad de <strong>Monte Enmedio<\/strong>.<\/p>\n<\/blockquote>\n\n\n\n<p>Situada a unos <strong>650 metros sobre el nivel del mar<\/strong> y con 250 hect\u00e1reas de extension, Monte Enmedio es un lugar de \u00f3ptimas condiciones para la caza. Los cielos est\u00e1n despejados la mayor parte del a\u00f1o y las temperaturas en verano oscilan entre los 28\u00baC y los 38\u00baC y en invierno est\u00e1n entre los 5\u00baC y los 17\u00baC, las lluvias son escasas e irregulares y los vientos son suaves.<\/p>\n\n\n\n<blockquote class=\"wp-block-quote is-layout-flow wp-block-quote-is-layout-flow\">\n<p>En <strong>Monte Enmedio<\/strong> gozamos de un paisaje variado, con zonas de <strong>monte bajo<\/strong>, salpicado de encinas, praderas y rastros, lo que hace que el conjunto sea un perfecto escenario tanto para el <strong>ojeo<\/strong> como para la <strong>caza en mano<\/strong>. <\/p>\n<\/blockquote>\n\n\n\n<p>La vegetaci\u00f3n m\u00e1s abundante es la<strong> encina, el chaparro, la jara y las plantas arom\u00e1ticas y es el cereal de cultivo m\u00e1s habitual.<\/strong><\/p>\n\n\n\n<blockquote class=\"wp-block-quote is-layout-flow wp-block-quote-is-layout-flow\">\n<p>La finca, dedicada fundamentalmente a la <strong>actividad cineg\u00e9tica y a los campo de tiro<\/strong>, cuenta con modernas instalaciones y equipamientos para poder practicar la caza menor y todas las <strong>modalidades de tiro al plato<\/strong>, disfrutando de la naturaleza durante todo el a\u00f1o.<\/p>\n<\/blockquote>\n\n\n\n<div class=\"wp-block-cover is-light\"><span aria-hidden=\"true\" class=\"wp-block-cover__background has-background-dim\" style=\"background-color:#FFF\"><\/span><div class=\"wp-block-cover__inner-container has-global-padding is-layout-constrained wp-block-cover-is-layout-constrained\">\n<p class=\"has-text-align-center has-large-font-size\">ESPACIO CINEG\u00c9TICO<\/p>\n<\/div><\/div>\n\n\n\n<div class=\"wp-block-cover is-light\"><span aria-hidden=\"true\" class=\"wp-block-cover__background has-background-dim\" style=\"background-color:#FFF\"><\/span><div class=\"wp-block-cover__inner-container has-global-padding is-layout-constrained wp-block-cover-is-layout-constrained\">\n<p class=\"has-text-align-center has-large-font-size\">CAMPO DE TIRO AL PLATO<\/p>\n<\/div><\/div>\n","protected":false},"excerpt":{"rendered":"<p>Somos un grupo de personas amantes de la naturaleza y apasionados por la caza y el tiro. Un equipo de profesionales que acumulan una experiencia de m\u00e1s de treinta a\u00f1os en este sector y que trabajamos para ofrecer durante todo el a\u00f1o, multitud de servicios relacionados con este fascinante mundo. La experiencia de m\u00e1s de &hellip; <\/p>\n<p class=\"link-more\"><a href=\"https:\/\/www.campoenmedio.com\/\" class=\"more-link\">Leer m\u00e1s<span class=\"screen-reader-text\"> \u00abCOTO INTENSIVO MONTE ENMEDIO\u00bb<\/span><\/a><\/p>\n","protected":false},"author":1,"featured_media":0,"parent":0,"menu_order":0,"comment_status":"closed","ping_status":"open","template":"","meta":{"footnotes":""},"class_list":["post-2","page","type-page","status-publish","hentry"],"yoast_head":"<!-- This site is optimized with the Yoast SEO plugin v24.7 - https:\/\/yoast.com\/wordpress\/plugins\/seo\/ -->\n<title>COTO INTENSIVO MONTE ENMEDIO - Coto Intensivo Monte Enmedio<\/title>\n<meta name=\"description\" content=\"Campo De tiro, Cabanillas del Campo, dedicados a la actividad cineg\u00e9tica y a los campo de tiro, cuenta con modernas instalaciones y equipamientos para poder practicar la caza menor y todas las modalidades de tiro al plato, disfrutando de la naturaleza durante todo el a\u00f1o.\" \/>\n<meta name=\"robots\" content=\"index, follow, max-snippet:-1, max-image-preview:large, max-video-preview:-1\" \/>\n<link rel=\"canonical\" href=\"https:\/\/www.campoenmedio.com\/\" \/>\n<meta property=\"og:locale\" content=\"es_ES\" \/>\n<meta property=\"og:type\" content=\"article\" \/>\n<meta property=\"og:title\" content=\"COTO INTENSIVO MONTE ENMEDIO - Coto Intensivo Monte Enmedio\" \/>\n<meta property=\"og:description\" content=\"Campo De tiro, Cabanillas del Campo, dedicados a la actividad cineg\u00e9tica y a los campo de tiro, cuenta con modernas instalaciones y equipamientos para poder practicar la caza menor y todas las modalidades de tiro al plato, disfrutando de la naturaleza durante todo el a\u00f1o.\" \/>\n<meta property=\"og:url\" content=\"https:\/\/www.campoenmedio.com\/\" \/>\n<meta property=\"og:site_name\" content=\"Coto Intensivo Monte Enmedio\" \/>\n<meta property=\"article:modified_time\" content=\"2025-07-30T19:52:23+00:00\" \/>\n<meta name=\"twitter:card\" content=\"summary_large_image\" \/>\n<meta name=\"twitter:label1\" content=\"Tiempo de lectura\" \/>\n\t<meta name=\"twitter:data1\" content=\"1 minuto\" \/>\n<script type=\"application\/ld+json\" class=\"yoast-schema-graph\">{\"@context\":\"https:\/\/schema.org\",\"@graph\":[{\"@type\":\"WebPage\",\"@id\":\"https:\/\/www.campoenmedio.com\/\",\"url\":\"https:\/\/www.campoenmedio.com\/\",\"name\":\"COTO INTENSIVO MONTE ENMEDIO - Coto Intensivo Monte Enmedio\",\"isPartOf\":{\"@id\":\"https:\/\/www.campoenmedio.com\/#website\"},\"datePublished\":\"2024-10-31T13:15:14+00:00\",\"dateModified\":\"2025-07-30T19:52:23+00:00\",\"description\":\"Campo De tiro, Cabanillas del Campo, dedicados a la actividad cineg\u00e9tica y a los campo de tiro, cuenta con modernas instalaciones y equipamientos para poder practicar la caza menor y todas las modalidades de tiro al plato, disfrutando de la naturaleza durante todo el a\u00f1o.\",\"breadcrumb\":{\"@id\":\"https:\/\/www.campoenmedio.com\/#breadcrumb\"},\"inLanguage\":\"es\",\"potentialAction\":[{\"@type\":\"ReadAction\",\"target\":[\"https:\/\/www.campoenmedio.com\/\"]}]},{\"@type\":\"BreadcrumbList\",\"@id\":\"https:\/\/www.campoenmedio.com\/#breadcrumb\",\"itemListElement\":[{\"@type\":\"ListItem\",\"position\":1,\"name\":\"Portada\",\"item\":\"https:\/\/www.campoenmedio.com\/\"},{\"@type\":\"ListItem\",\"position\":2,\"name\":\"COTO INTENSIVO MONTE ENMEDIO\"}]},{\"@type\":\"WebSite\",\"@id\":\"https:\/\/www.campoenmedio.com\/#website\",\"url\":\"https:\/\/www.campoenmedio.com\/\",\"name\":\"Coto Intensivo Monte Enmedio\",\"description\":\"CABANILLAS DEL CAMPO\",\"potentialAction\":[{\"@type\":\"SearchAction\",\"target\":{\"@type\":\"EntryPoint\",\"urlTemplate\":\"https:\/\/www.campoenmedio.com\/?s={search_term_string}\"},\"query-input\":{\"@type\":\"PropertyValueSpecification\",\"valueRequired\":true,\"valueName\":\"search_term_string\"}}],\"inLanguage\":\"es\"}]}<\/script>\n<!-- \/ Yoast SEO plugin. -->","yoast_head_json":{"title":"COTO INTENSIVO MONTE ENMEDIO - Coto Intensivo Monte Enmedio","description":"Campo De tiro, Cabanillas del Campo, dedicados a la actividad cineg\u00e9tica y a los campo de tiro, cuenta con modernas instalaciones y equipamientos para poder practicar la caza menor y todas las modalidades de tiro al plato, disfrutando de la naturaleza durante todo el a\u00f1o.","robots":{"index":"index","follow":"follow","max-snippet":"max-snippet:-1","max-image-preview":"max-image-preview:large","max-video-preview":"max-video-preview:-1"},"canonical":"https:\/\/www.campoenmedio.com\/","og_locale":"es_ES","og_type":"article","og_title":"COTO INTENSIVO MONTE ENMEDIO - Coto Intensivo Monte Enmedio","og_description":"Campo De tiro, Cabanillas del Campo, dedicados a la actividad cineg\u00e9tica y a los campo de tiro, cuenta con modernas instalaciones y equipamientos para poder practicar la caza menor y todas las modalidades de tiro al plato, disfrutando de la naturaleza durante todo el a\u00f1o.","og_url":"https:\/\/www.campoenmedio.com\/","og_site_name":"Coto Intensivo Monte Enmedio","article_modified_time":"2025-07-30T19:52:23+00:00","twitter_card":"summary_large_image","twitter_misc":{"Tiempo de lectura":"1 minuto"},"schema":{"@context":"https:\/\/schema.org","@graph":[{"@type":"WebPage","@id":"https:\/\/www.campoenmedio.com\/","url":"https:\/\/www.campoenmedio.com\/","name":"COTO INTENSIVO MONTE ENMEDIO - Coto Intensivo Monte Enmedio","isPartOf":{"@id":"https:\/\/www.campoenmedio.com\/#website"},"datePublished":"2024-10-31T13:15:14+00:00","dateModified":"2025-07-30T19:52:23+00:00","description":"Campo De tiro, Cabanillas del Campo, dedicados a la actividad cineg\u00e9tica y a los campo de tiro, cuenta con modernas instalaciones y equipamientos para poder practicar la caza menor y todas las modalidades de tiro al plato, disfrutando de la naturaleza durante todo el a\u00f1o.","breadcrumb":{"@id":"https:\/\/www.campoenmedio.com\/#breadcrumb"},"inLanguage":"es","potentialAction":[{"@type":"ReadAction","target":["https:\/\/www.campoenmedio.com\/"]}]},{"@type":"BreadcrumbList","@id":"https:\/\/www.campoenmedio.com\/#breadcrumb","itemListElement":[{"@type":"ListItem","position":1,"name":"Portada","item":"https:\/\/www.campoenmedio.com\/"},{"@type":"ListItem","position":2,"name":"COTO INTENSIVO MONTE ENMEDIO"}]},{"@type":"WebSite","@id":"https:\/\/www.campoenmedio.com\/#website","url":"https:\/\/www.campoenmedio.com\/","name":"Coto Intensivo Monte Enmedio","description":"CABANILLAS DEL CAMPO","potentialAction":[{"@type":"SearchAction","target":{"@type":"EntryPoint","urlTemplate":"https:\/\/www.campoenmedio.com\/?s={search_term_string}"},"query-input":{"@type":"PropertyValueSpecification","valueRequired":true,"valueName":"search_term_string"}}],"inLanguage":"es"}]}},"_links":{"self":[{"href":"https:\/\/www.campoenmedio.com\/index.php\/wp-json\/wp\/v2\/pages\/2","targetHints":{"allow":["GET"]}}],"collection":[{"href":"https:\/\/www.campoenmedio.com\/index.php\/wp-json\/wp\/v2\/pages"}],"about":[{"href":"https:\/\/www.campoenmedio.com\/index.php\/wp-json\/wp\/v2\/types\/page"}],"author":[{"embeddable":true,"href":"https:\/\/www.campoenmedio.com\/index.php\/wp-json\/wp\/v2\/users\/1"}],"replies":[{"embeddable":true,"href":"https:\/\/www.campoenmedio.com\/index.php\/wp-json\/wp\/v2\/comments?post=2"}],"version-history":[{"count":4,"href":"https:\/\/www.campoenmedio.com\/index.php\/wp-json\/wp\/v2\/pages\/2\/revisions"}],"predecessor-version":[{"id":81,"href":"https:\/\/www.campoenmedio.com\/index.php\/wp-json\/wp\/v2\/pages\/2\/revisions\/81"}],"wp:attachment":[{"href":"https:\/\/www.campoenmedio.com\/index.php\/wp-json\/wp\/v2\/media?parent=2"}],"curies":[{"name":"wp","href":"https:\/\/api.w.org\/{rel}","templated":true}]}}